{"id":660,"date":"2023-08-25T06:33:40","date_gmt":"2023-08-25T06:33:40","guid":{"rendered":"https:\/\/nguyenkhangshoes.com\/?page_id=660"},"modified":"2023-09-05T01:50:15","modified_gmt":"2023-09-05T01:50:15","slug":"tin-tuc","status":"publish","type":"page","link":"https:\/\/nguyenkhangshoes.com\/en\/tin-tuc\/","title":{"rendered":"NEWS"},"content":{"rendered":"<div class=\"banner has-hover\" id=\"banner-116354400\">\n          <div class=\"banner-inner fill\">\n        <div class=\"banner-bg fill\" >\n            <div class=\"bg fill bg-fill\"><\/div>\n                                    \n                    <\/div>\n\t\t\n        <div class=\"banner-layers container\">\n            <div class=\"fill banner-link\"><\/div>            \n   <div id=\"text-box-2139966101\" class=\"text-box banner-layer x50 md-x50 lg-x50 y50 md-y50 lg-y50 res-text\">\n                     <div data-animate=\"fadeInUp\">           <div class=\"text-box-content text\">\n              \n              <div class=\"text-inner text-center\">\n                  \n<h2><span style=\"font-size: 170%;\"><strong>NEWS<br \/><\/strong><\/span><\/h2>\n<p>\u00a0<\/p>\n              <\/div>\n           <\/div>\n       <\/div>                     \n<style>\n#text-box-2139966101 {\n  width: 85%;\n}\n#text-box-2139966101 .text-box-content {\n  font-size: 100%;\n}\n@media (min-width:550px) {\n  #text-box-2139966101 {\n    width: 61%;\n  }\n}\n<\/style>\n    <\/div>\n \n        <\/div>\n      <\/div>\n\n            \n<style>\n#banner-116354400 {\n  padding-top: 56.25%;\n  background-color: #FFF;\n}\n#banner-116354400 .bg.bg-loaded {\n  background-image: url(https:\/\/nguyenkhangshoes.com\/wp-content\/uploads\/2023\/04\/z4136410483559_243aceb450de5762b8b227f75c0fb490-scaled.jpg);\n}\n#banner-116354400 .bg {\n  background-position: 0% 42%;\n}\n#banner-116354400 .ux-shape-divider--top svg {\n  height: 150px;\n  --divider-top-width: 100%;\n}\n#banner-116354400 .ux-shape-divider--bottom svg {\n  height: 150px;\n  --divider-width: 100%;\n}\n<\/style>\n  <\/div>\n\n\n<div class=\"container section-title-container\" style=\"margin-top:25px;\"><h1 class=\"section-title section-title-center\"><b><\/b><span class=\"section-title-main\" style=\"font-size:undefined%;\">tIN M\u1edaI<\/span><b><\/b><\/h1><\/div>\n\n  \n    <div class=\"row large-columns-4 medium-columns-3 small-columns-1 slider row-slider slider-nav-reveal\"  data-flickity-options='{\"imagesLoaded\": true, \"groupCells\": \"100%\", \"dragThreshold\" : 5, \"cellAlign\": \"left\",\"wrapAround\": true,\"prevNextButtons\": true,\"percentPosition\": true,\"pageDots\": false, \"rightToLeft\": false, \"autoPlay\" : false}'>\n\n  <div class=\"col post-item\" >\n\t\t\t<div class=\"col-inner\">\n\t\t\t<a href=\"https:\/\/nguyenkhangshoes.com\/en\/giai-phap-san-xuat-giay-da-toan-dien-cho-thuong-hieu-cua-ban\/\" class=\"plain\">\n\t\t\t\t<div class=\"box box-overlay dark box-text-bottom box-blog-post has-hover\">\n            \t\t\t\t\t<div class=\"box-image\" >\n  \t\t\t\t\t\t<div class=\"image-zoom image-cover\" style=\"padding-top:293px;\">\n  \t\t\t\t\t\t\t<img loading=\"lazy\" decoding=\"async\" width=\"200\" height=\"300\" src=\"https:\/\/nguyenkhangshoes.com\/wp-content\/uploads\/2024\/01\/ddaa8c1891173b496206-200x300.jpg\" class=\"attachment-medium size-medium wp-post-image\" alt=\"\" srcset=\"https:\/\/nguyenkhangshoes.com\/wp-content\/uploads\/2024\/01\/ddaa8c1891173b496206-200x300.jpg 200w, https:\/\/nguyenkhangshoes.com\/wp-content\/uploads\/2024\/01\/ddaa8c1891173b496206-683x1024.jpg 683w, https:\/\/nguyenkhangshoes.com\/wp-content\/uploads\/2024\/01\/ddaa8c1891173b496206-768x1152.jpg 768w, https:\/\/nguyenkhangshoes.com\/wp-content\/uploads\/2024\/01\/ddaa8c1891173b496206-1024x1536.jpg 1024w, https:\/\/nguyenkhangshoes.com\/wp-content\/uploads\/2024\/01\/ddaa8c1891173b496206-1366x2048.jpg 1366w, https:\/\/nguyenkhangshoes.com\/wp-content\/uploads\/2024\/01\/ddaa8c1891173b496206-8x12.jpg 8w, https:\/\/nguyenkhangshoes.com\/wp-content\/uploads\/2024\/01\/ddaa8c1891173b496206-1320x1980.jpg 1320w, https:\/\/nguyenkhangshoes.com\/wp-content\/uploads\/2024\/01\/ddaa8c1891173b496206-600x900.jpg 600w, https:\/\/nguyenkhangshoes.com\/wp-content\/uploads\/2024\/01\/ddaa8c1891173b496206.jpg 1707w\" sizes=\"auto, (max-width: 200px) 100vw, 200px\" \/>  \t\t\t\t\t\t\t<div class=\"overlay\" style=\"background-color: rgba(0,0,0,.25)\"><\/div>  \t\t\t\t\t\t\t  \t\t\t\t\t\t<\/div>\n  \t\t\t\t\t\t  \t\t\t\t\t<\/div>\n          \t\t\t\t\t<div class=\"box-text text-left\" >\n\t\t\t\t\t<div class=\"box-text-inner blog-post-inner\">\n\n\t\t\t\t\t\n\t\t\t\t\t\t\t\t\t\t<h5 class=\"post-title is-large\">NGUYEN KHANG SHOES FACTORY \u2014 GI\u1ea2I PH\u00c1P S\u1ea2N XU\u1ea4T GI\u00c0Y DA TO\u00c0N DI\u1ec6N CHO TH\u01af\u01a0NG HI\u1ec6U C\u1ee6A B\u1ea0N<\/h5>\n\t\t\t\t\t<div class=\"post-meta is-small op-8\">November 20, 2025<\/div>\t\t\t\t\t<div class=\"is-divider\"><\/div>\n\t\t\t\t\t                    \n\t\t\t\t\t\n\t\t\t\t\t\n\t\t\t\t\t<\/div>\n\t\t\t\t\t<\/div>\n\t\t\t\t\t\t\t\t\t<\/div>\n\t\t\t\t<\/a>\n\t\t\t<\/div>\n\t\t<\/div><div class=\"col post-item\" >\n\t\t\t<div class=\"col-inner\">\n\t\t\t<a href=\"https:\/\/nguyenkhangshoes.com\/en\/bst-mule-da-nam-toi-gian-tinh-te-nguyen-khang-shoes-factory\/\" class=\"plain\">\n\t\t\t\t<div class=\"box box-overlay dark box-text-bottom box-blog-post has-hover\">\n            \t\t\t\t\t<div class=\"box-image\" >\n  \t\t\t\t\t\t<div class=\"image-zoom image-cover\" style=\"padding-top:293px;\">\n  \t\t\t\t\t\t\t<img loading=\"lazy\" decoding=\"async\" width=\"300\" height=\"300\" src=\"https:\/\/nguyenkhangshoes.com\/wp-content\/uploads\/2025\/11\/z7203121851217_d954a36441b9a9ed956986c12e416ea0-1-300x300.jpg\" class=\"attachment-medium size-medium wp-post-image\" alt=\"\" srcset=\"https:\/\/nguyenkhangshoes.com\/wp-content\/uploads\/2025\/11\/z7203121851217_d954a36441b9a9ed956986c12e416ea0-1-300x300.jpg 300w, https:\/\/nguyenkhangshoes.com\/wp-content\/uploads\/2025\/11\/z7203121851217_d954a36441b9a9ed956986c12e416ea0-1-1024x1024.jpg 1024w, https:\/\/nguyenkhangshoes.com\/wp-content\/uploads\/2025\/11\/z7203121851217_d954a36441b9a9ed956986c12e416ea0-1-150x150.jpg 150w, https:\/\/nguyenkhangshoes.com\/wp-content\/uploads\/2025\/11\/z7203121851217_d954a36441b9a9ed956986c12e416ea0-1-768x768.jpg 768w, https:\/\/nguyenkhangshoes.com\/wp-content\/uploads\/2025\/11\/z7203121851217_d954a36441b9a9ed956986c12e416ea0-1-12x12.jpg 12w, https:\/\/nguyenkhangshoes.com\/wp-content\/uploads\/2025\/11\/z7203121851217_d954a36441b9a9ed956986c12e416ea0-1-600x600.jpg 600w, https:\/\/nguyenkhangshoes.com\/wp-content\/uploads\/2025\/11\/z7203121851217_d954a36441b9a9ed956986c12e416ea0-1-100x100.jpg 100w, https:\/\/nguyenkhangshoes.com\/wp-content\/uploads\/2025\/11\/z7203121851217_d954a36441b9a9ed956986c12e416ea0-1.jpg 1300w\" sizes=\"auto, (max-width: 300px) 100vw, 300px\" \/>  \t\t\t\t\t\t\t<div class=\"overlay\" style=\"background-color: rgba(0,0,0,.25)\"><\/div>  \t\t\t\t\t\t\t  \t\t\t\t\t\t<\/div>\n  \t\t\t\t\t\t  \t\t\t\t\t<\/div>\n          \t\t\t\t\t<div class=\"box-text text-left\" >\n\t\t\t\t\t<div class=\"box-text-inner blog-post-inner\">\n\n\t\t\t\t\t\n\t\t\t\t\t\t\t\t\t\t<h5 class=\"post-title is-large\">BST MULE DA NAM \u2013 T\u1ed0I GI\u1ea2N &amp; TINH T\u1ebe | NGUYEN KHANG SHOES FACTORY<\/h5>\n\t\t\t\t\t<div class=\"post-meta is-small op-8\">November 10, 2025<\/div>\t\t\t\t\t<div class=\"is-divider\"><\/div>\n\t\t\t\t\t                    \n\t\t\t\t\t\n\t\t\t\t\t\n\t\t\t\t\t<\/div>\n\t\t\t\t\t<\/div>\n\t\t\t\t\t\t\t\t\t<\/div>\n\t\t\t\t<\/a>\n\t\t\t<\/div>\n\t\t<\/div><div class=\"col post-item\" >\n\t\t\t<div class=\"col-inner\">\n\t\t\t<a href=\"https:\/\/nguyenkhangshoes.com\/en\/cach-bao-quan-giay-da-nhuom-patina\/\" class=\"plain\">\n\t\t\t\t<div class=\"box box-overlay dark box-text-bottom box-blog-post has-hover\">\n            \t\t\t\t\t<div class=\"box-image\" >\n  \t\t\t\t\t\t<div class=\"image-zoom image-cover\" style=\"padding-top:293px;\">\n  \t\t\t\t\t\t\t<img loading=\"lazy\" decoding=\"async\" width=\"200\" height=\"300\" src=\"https:\/\/nguyenkhangshoes.com\/wp-content\/uploads\/2023\/09\/z4661880394216_601f025c0d680296e349e8ba8fa2017f-200x300.jpg\" class=\"attachment-medium size-medium wp-post-image\" alt=\"\" srcset=\"https:\/\/nguyenkhangshoes.com\/wp-content\/uploads\/2023\/09\/z4661880394216_601f025c0d680296e349e8ba8fa2017f-200x300.jpg 200w, https:\/\/nguyenkhangshoes.com\/wp-content\/uploads\/2023\/09\/z4661880394216_601f025c0d680296e349e8ba8fa2017f-683x1024.jpg 683w, https:\/\/nguyenkhangshoes.com\/wp-content\/uploads\/2023\/09\/z4661880394216_601f025c0d680296e349e8ba8fa2017f-768x1152.jpg 768w, https:\/\/nguyenkhangshoes.com\/wp-content\/uploads\/2023\/09\/z4661880394216_601f025c0d680296e349e8ba8fa2017f-1024x1536.jpg 1024w, https:\/\/nguyenkhangshoes.com\/wp-content\/uploads\/2023\/09\/z4661880394216_601f025c0d680296e349e8ba8fa2017f-1366x2048.jpg 1366w, https:\/\/nguyenkhangshoes.com\/wp-content\/uploads\/2023\/09\/z4661880394216_601f025c0d680296e349e8ba8fa2017f-1320x1980.jpg 1320w, https:\/\/nguyenkhangshoes.com\/wp-content\/uploads\/2023\/09\/z4661880394216_601f025c0d680296e349e8ba8fa2017f-600x900.jpg 600w, https:\/\/nguyenkhangshoes.com\/wp-content\/uploads\/2023\/09\/z4661880394216_601f025c0d680296e349e8ba8fa2017f.jpg 1707w\" sizes=\"auto, (max-width: 200px) 100vw, 200px\" \/>  \t\t\t\t\t\t\t<div class=\"overlay\" style=\"background-color: rgba(0,0,0,.25)\"><\/div>  \t\t\t\t\t\t\t  \t\t\t\t\t\t<\/div>\n  \t\t\t\t\t\t  \t\t\t\t\t<\/div>\n          \t\t\t\t\t<div class=\"box-text text-left\" >\n\t\t\t\t\t<div class=\"box-text-inner blog-post-inner\">\n\n\t\t\t\t\t\n\t\t\t\t\t\t\t\t\t\t<h5 class=\"post-title is-large\">C\u00e1ch b\u1ea3o qu\u1ea3n gi\u00e0y da nhu\u1ed9m PATINA<\/h5>\n\t\t\t\t\t<div class=\"post-meta is-small op-8\">January 16, 2024<\/div>\t\t\t\t\t<div class=\"is-divider\"><\/div>\n\t\t\t\t\t                    \n\t\t\t\t\t\n\t\t\t\t\t\n\t\t\t\t\t<\/div>\n\t\t\t\t\t<\/div>\n\t\t\t\t\t\t\t\t\t<\/div>\n\t\t\t\t<\/a>\n\t\t\t<\/div>\n\t\t<\/div><div class=\"col post-item\" >\n\t\t\t<div class=\"col-inner\">\n\t\t\t<a href=\"https:\/\/nguyenkhangshoes.com\/en\/cach-bao-quan-giay-da-nhuom-xuyen-thau\/\" class=\"plain\">\n\t\t\t\t<div class=\"box box-overlay dark box-text-bottom box-blog-post has-hover\">\n            \t\t\t\t\t<div class=\"box-image\" >\n  \t\t\t\t\t\t<div class=\"image-zoom image-cover\" style=\"padding-top:293px;\">\n  \t\t\t\t\t\t\t<img loading=\"lazy\" decoding=\"async\" width=\"189\" height=\"300\" src=\"https:\/\/nguyenkhangshoes.com\/wp-content\/uploads\/2024\/01\/8c92fd69399092cecb817-e1705388229549-189x300.jpg\" class=\"attachment-medium size-medium wp-post-image\" alt=\"\" srcset=\"https:\/\/nguyenkhangshoes.com\/wp-content\/uploads\/2024\/01\/8c92fd69399092cecb817-e1705388229549-189x300.jpg 189w, https:\/\/nguyenkhangshoes.com\/wp-content\/uploads\/2024\/01\/8c92fd69399092cecb817-e1705388229549-644x1024.jpg 644w, https:\/\/nguyenkhangshoes.com\/wp-content\/uploads\/2024\/01\/8c92fd69399092cecb817-e1705388229549-768x1221.jpg 768w, https:\/\/nguyenkhangshoes.com\/wp-content\/uploads\/2024\/01\/8c92fd69399092cecb817-e1705388229549-966x1536.jpg 966w, https:\/\/nguyenkhangshoes.com\/wp-content\/uploads\/2024\/01\/8c92fd69399092cecb817-e1705388229549-1288x2048.jpg 1288w, https:\/\/nguyenkhangshoes.com\/wp-content\/uploads\/2024\/01\/8c92fd69399092cecb817-e1705388229549-8x12.jpg 8w, https:\/\/nguyenkhangshoes.com\/wp-content\/uploads\/2024\/01\/8c92fd69399092cecb817-e1705388229549-1320x2099.jpg 1320w, https:\/\/nguyenkhangshoes.com\/wp-content\/uploads\/2024\/01\/8c92fd69399092cecb817-e1705388229549-600x954.jpg 600w, https:\/\/nguyenkhangshoes.com\/wp-content\/uploads\/2024\/01\/8c92fd69399092cecb817-e1705388229549.jpg 1454w\" sizes=\"auto, (max-width: 189px) 100vw, 189px\" \/>  \t\t\t\t\t\t\t<div class=\"overlay\" style=\"background-color: rgba(0,0,0,.25)\"><\/div>  \t\t\t\t\t\t\t  \t\t\t\t\t\t<\/div>\n  \t\t\t\t\t\t  \t\t\t\t\t<\/div>\n          \t\t\t\t\t<div class=\"box-text text-left\" >\n\t\t\t\t\t<div class=\"box-text-inner blog-post-inner\">\n\n\t\t\t\t\t\n\t\t\t\t\t\t\t\t\t\t<h5 class=\"post-title is-large\">C\u00e1ch b\u1ea3o qu\u1ea3n gi\u00e0y da nhu\u1ed9m xuy\u00ean th\u1ea5u<\/h5>\n\t\t\t\t\t<div class=\"post-meta is-small op-8\">January 16, 2024<\/div>\t\t\t\t\t<div class=\"is-divider\"><\/div>\n\t\t\t\t\t                    \n\t\t\t\t\t\n\t\t\t\t\t\n\t\t\t\t\t<\/div>\n\t\t\t\t\t<\/div>\n\t\t\t\t\t\t\t\t\t<\/div>\n\t\t\t\t<\/a>\n\t\t\t<\/div>\n\t\t<\/div><div class=\"col post-item\" >\n\t\t\t<div class=\"col-inner\">\n\t\t\t<a href=\"https:\/\/nguyenkhangshoes.com\/en\/cach-bao-quan-giay-da-lon-suede\/\" class=\"plain\">\n\t\t\t\t<div class=\"box box-overlay dark box-text-bottom box-blog-post has-hover\">\n            \t\t\t\t\t<div class=\"box-image\" >\n  \t\t\t\t\t\t<div class=\"image-zoom image-cover\" style=\"padding-top:293px;\">\n  \t\t\t\t\t\t\t<img loading=\"lazy\" decoding=\"async\" width=\"200\" height=\"300\" src=\"https:\/\/nguyenkhangshoes.com\/wp-content\/uploads\/2024\/01\/f76fda701089bbd7e2981-200x300.jpg\" class=\"attachment-medium size-medium wp-post-image\" alt=\"\" srcset=\"https:\/\/nguyenkhangshoes.com\/wp-content\/uploads\/2024\/01\/f76fda701089bbd7e2981-200x300.jpg 200w, https:\/\/nguyenkhangshoes.com\/wp-content\/uploads\/2024\/01\/f76fda701089bbd7e2981-683x1024.jpg 683w, https:\/\/nguyenkhangshoes.com\/wp-content\/uploads\/2024\/01\/f76fda701089bbd7e2981-768x1152.jpg 768w, https:\/\/nguyenkhangshoes.com\/wp-content\/uploads\/2024\/01\/f76fda701089bbd7e2981-1024x1536.jpg 1024w, https:\/\/nguyenkhangshoes.com\/wp-content\/uploads\/2024\/01\/f76fda701089bbd7e2981-1366x2048.jpg 1366w, https:\/\/nguyenkhangshoes.com\/wp-content\/uploads\/2024\/01\/f76fda701089bbd7e2981-8x12.jpg 8w, https:\/\/nguyenkhangshoes.com\/wp-content\/uploads\/2024\/01\/f76fda701089bbd7e2981-1320x1980.jpg 1320w, https:\/\/nguyenkhangshoes.com\/wp-content\/uploads\/2024\/01\/f76fda701089bbd7e2981-600x900.jpg 600w, https:\/\/nguyenkhangshoes.com\/wp-content\/uploads\/2024\/01\/f76fda701089bbd7e2981.jpg 1707w\" sizes=\"auto, (max-width: 200px) 100vw, 200px\" \/>  \t\t\t\t\t\t\t<div class=\"overlay\" style=\"background-color: rgba(0,0,0,.25)\"><\/div>  \t\t\t\t\t\t\t  \t\t\t\t\t\t<\/div>\n  \t\t\t\t\t\t  \t\t\t\t\t<\/div>\n          \t\t\t\t\t<div class=\"box-text text-left\" >\n\t\t\t\t\t<div class=\"box-text-inner blog-post-inner\">\n\n\t\t\t\t\t\n\t\t\t\t\t\t\t\t\t\t<h5 class=\"post-title is-large\">C\u00e1ch b\u1ea3o qu\u1ea3n gi\u00e0y da l\u1ed9n (SUEDE)<\/h5>\n\t\t\t\t\t<div class=\"post-meta is-small op-8\">January 16, 2024<\/div>\t\t\t\t\t<div class=\"is-divider\"><\/div>\n\t\t\t\t\t                    \n\t\t\t\t\t\n\t\t\t\t\t\n\t\t\t\t\t<\/div>\n\t\t\t\t\t<\/div>\n\t\t\t\t\t\t\t\t\t<\/div>\n\t\t\t\t<\/a>\n\t\t\t<\/div>\n\t\t<\/div><div class=\"col post-item\" >\n\t\t\t<div class=\"col-inner\">\n\t\t\t<a href=\"https:\/\/nguyenkhangshoes.com\/en\/cach-bao-quan-giay-da-patent\/\" class=\"plain\">\n\t\t\t\t<div class=\"box box-overlay dark box-text-bottom box-blog-post has-hover\">\n            \t\t\t\t\t<div class=\"box-image\" >\n  \t\t\t\t\t\t<div class=\"image-zoom image-cover\" style=\"padding-top:293px;\">\n  \t\t\t\t\t\t\t<img loading=\"lazy\" decoding=\"async\" width=\"300\" height=\"300\" src=\"https:\/\/nguyenkhangshoes.com\/wp-content\/uploads\/2023\/04\/z4248003406217_67f4203a93cb7390e2a40c41a12be549-scaled-e1705389189116-300x300.jpg\" class=\"attachment-medium size-medium wp-post-image\" alt=\"\" srcset=\"https:\/\/nguyenkhangshoes.com\/wp-content\/uploads\/2023\/04\/z4248003406217_67f4203a93cb7390e2a40c41a12be549-scaled-e1705389189116-300x300.jpg 300w, https:\/\/nguyenkhangshoes.com\/wp-content\/uploads\/2023\/04\/z4248003406217_67f4203a93cb7390e2a40c41a12be549-scaled-e1705389189116-100x100.jpg 100w, https:\/\/nguyenkhangshoes.com\/wp-content\/uploads\/2023\/04\/z4248003406217_67f4203a93cb7390e2a40c41a12be549-scaled-e1705389189116-600x600.jpg 600w, https:\/\/nguyenkhangshoes.com\/wp-content\/uploads\/2023\/04\/z4248003406217_67f4203a93cb7390e2a40c41a12be549-scaled-e1705389189116-1024x1024.jpg 1024w, https:\/\/nguyenkhangshoes.com\/wp-content\/uploads\/2023\/04\/z4248003406217_67f4203a93cb7390e2a40c41a12be549-scaled-e1705389189116-150x150.jpg 150w, https:\/\/nguyenkhangshoes.com\/wp-content\/uploads\/2023\/04\/z4248003406217_67f4203a93cb7390e2a40c41a12be549-scaled-e1705389189116-768x768.jpg 768w, https:\/\/nguyenkhangshoes.com\/wp-content\/uploads\/2023\/04\/z4248003406217_67f4203a93cb7390e2a40c41a12be549-scaled-e1705389189116-1536x1536.jpg 1536w, https:\/\/nguyenkhangshoes.com\/wp-content\/uploads\/2023\/04\/z4248003406217_67f4203a93cb7390e2a40c41a12be549-scaled-e1705389189116-2048x2048.jpg 2048w, https:\/\/nguyenkhangshoes.com\/wp-content\/uploads\/2023\/04\/z4248003406217_67f4203a93cb7390e2a40c41a12be549-scaled-e1705389189116-12x12.jpg 12w, https:\/\/nguyenkhangshoes.com\/wp-content\/uploads\/2023\/04\/z4248003406217_67f4203a93cb7390e2a40c41a12be549-scaled-e1705389189116-1320x1320.jpg 1320w\" sizes=\"auto, (max-width: 300px) 100vw, 300px\" \/>  \t\t\t\t\t\t\t<div class=\"overlay\" style=\"background-color: rgba(0,0,0,.25)\"><\/div>  \t\t\t\t\t\t\t  \t\t\t\t\t\t<\/div>\n  \t\t\t\t\t\t  \t\t\t\t\t<\/div>\n          \t\t\t\t\t<div class=\"box-text text-left\" >\n\t\t\t\t\t<div class=\"box-text-inner blog-post-inner\">\n\n\t\t\t\t\t\n\t\t\t\t\t\t\t\t\t\t<h5 class=\"post-title is-large\">C\u00e1ch b\u1ea3o qu\u1ea3n gi\u00e0y da patent<\/h5>\n\t\t\t\t\t<div class=\"post-meta is-small op-8\">September 4, 2023<\/div>\t\t\t\t\t<div class=\"is-divider\"><\/div>\n\t\t\t\t\t                    \n\t\t\t\t\t\n\t\t\t\t\t\n\t\t\t\t\t<\/div>\n\t\t\t\t\t<\/div>\n\t\t\t\t\t\t\t\t\t<\/div>\n\t\t\t\t<\/a>\n\t\t\t<\/div>\n\t\t<\/div><\/div>","protected":false},"excerpt":{"rendered":"","protected":false},"author":1,"featured_media":0,"parent":0,"menu_order":0,"comment_status":"closed","ping_status":"closed","template":"page-transparent-header.php","meta":{"footnotes":""},"class_list":["post-660","page","type-page","status-publish","hentry"],"yoast_head":"<!-- This site is optimized with the Yoast SEO plugin v26.4 - https:\/\/yoast.com\/wordpress\/plugins\/seo\/ -->\n<title>TIN T\u1ee8C - C\u00f4ng ty Gi\u00e0y Nguy\u00ean Khang<\/title>\n<meta name=\"robots\" content=\"index, follow, max-snippet:-1, max-image-preview:large, max-video-preview:-1\" \/>\n<link rel=\"canonical\" href=\"https:\/\/nguyenkhangshoes.com\/en\/tin-tuc\/\" \/>\n<meta property=\"og:locale\" content=\"en_US\" \/>\n<meta property=\"og:type\" content=\"article\" \/>\n<meta property=\"og:title\" content=\"TIN T\u1ee8C - C\u00f4ng ty Gi\u00e0y Nguy\u00ean Khang\" \/>\n<meta property=\"og:url\" content=\"https:\/\/nguyenkhangshoes.com\/en\/tin-tuc\/\" \/>\n<meta property=\"og:site_name\" content=\"C\u00f4ng ty Gi\u00e0y Nguy\u00ean Khang\" \/>\n<meta property=\"article:publisher\" content=\"https:\/\/www.facebook.com\/profile.php?id=61557901305704&amp;sk=about\" \/>\n<meta property=\"article:modified_time\" content=\"2023-09-05T01:50:15+00:00\" \/>\n<meta name=\"twitter:card\" content=\"summary_large_image\" \/>\n<script type=\"application\/ld+json\" class=\"yoast-schema-graph\">{\"@context\":\"https:\/\/schema.org\",\"@graph\":[{\"@type\":\"WebPage\",\"@id\":\"https:\/\/nguyenkhangshoes.com\/tin-tuc\/\",\"url\":\"https:\/\/nguyenkhangshoes.com\/tin-tuc\/\",\"name\":\"TIN T\u1ee8C - C\u00f4ng ty Gi\u00e0y Nguy\u00ean Khang\",\"isPartOf\":{\"@id\":\"https:\/\/nguyenkhangshoes.com\/#website\"},\"datePublished\":\"2023-08-25T06:33:40+00:00\",\"dateModified\":\"2023-09-05T01:50:15+00:00\",\"breadcrumb\":{\"@id\":\"https:\/\/nguyenkhangshoes.com\/tin-tuc\/#breadcrumb\"},\"inLanguage\":\"en-US\",\"potentialAction\":[{\"@type\":\"ReadAction\",\"target\":[\"https:\/\/nguyenkhangshoes.com\/tin-tuc\/\"]}]},{\"@type\":\"BreadcrumbList\",\"@id\":\"https:\/\/nguyenkhangshoes.com\/tin-tuc\/#breadcrumb\",\"itemListElement\":[{\"@type\":\"ListItem\",\"position\":1,\"name\":\"Home\",\"item\":\"https:\/\/nguyenkhangshoes.com\/\"},{\"@type\":\"ListItem\",\"position\":2,\"name\":\"TIN T\u1ee8C\"}]},{\"@type\":\"WebSite\",\"@id\":\"https:\/\/nguyenkhangshoes.com\/#website\",\"url\":\"https:\/\/nguyenkhangshoes.com\/\",\"name\":\"C\u00f4ng ty Gi\u00e0y Nguy\u00ean Khang\",\"description\":\"\",\"potentialAction\":[{\"@type\":\"SearchAction\",\"target\":{\"@type\":\"EntryPoint\",\"urlTemplate\":\"https:\/\/nguyenkhangshoes.com\/?s={search_term_string}\"},\"query-input\":{\"@type\":\"PropertyValueSpecification\",\"valueRequired\":true,\"valueName\":\"search_term_string\"}}],\"inLanguage\":\"en-US\"}]}<\/script>\n<!-- \/ Yoast SEO plugin. -->","yoast_head_json":{"title":"TIN T\u1ee8C - C\u00f4ng ty Gi\u00e0y Nguy\u00ean Khang","robots":{"index":"index","follow":"follow","max-snippet":"max-snippet:-1","max-image-preview":"max-image-preview:large","max-video-preview":"max-video-preview:-1"},"canonical":"https:\/\/nguyenkhangshoes.com\/en\/tin-tuc\/","og_locale":"en_US","og_type":"article","og_title":"TIN T\u1ee8C - C\u00f4ng ty Gi\u00e0y Nguy\u00ean Khang","og_url":"https:\/\/nguyenkhangshoes.com\/en\/tin-tuc\/","og_site_name":"C\u00f4ng ty Gi\u00e0y Nguy\u00ean Khang","article_publisher":"https:\/\/www.facebook.com\/profile.php?id=61557901305704&sk=about","article_modified_time":"2023-09-05T01:50:15+00:00","twitter_card":"summary_large_image","schema":{"@context":"https:\/\/schema.org","@graph":[{"@type":"WebPage","@id":"https:\/\/nguyenkhangshoes.com\/tin-tuc\/","url":"https:\/\/nguyenkhangshoes.com\/tin-tuc\/","name":"TIN T\u1ee8C - C\u00f4ng ty Gi\u00e0y Nguy\u00ean Khang","isPartOf":{"@id":"https:\/\/nguyenkhangshoes.com\/#website"},"datePublished":"2023-08-25T06:33:40+00:00","dateModified":"2023-09-05T01:50:15+00:00","breadcrumb":{"@id":"https:\/\/nguyenkhangshoes.com\/tin-tuc\/#breadcrumb"},"inLanguage":"en-US","potentialAction":[{"@type":"ReadAction","target":["https:\/\/nguyenkhangshoes.com\/tin-tuc\/"]}]},{"@type":"BreadcrumbList","@id":"https:\/\/nguyenkhangshoes.com\/tin-tuc\/#breadcrumb","itemListElement":[{"@type":"ListItem","position":1,"name":"Home","item":"https:\/\/nguyenkhangshoes.com\/"},{"@type":"ListItem","position":2,"name":"TIN T\u1ee8C"}]},{"@type":"WebSite","@id":"https:\/\/nguyenkhangshoes.com\/#website","url":"https:\/\/nguyenkhangshoes.com\/","name":"NGUYEN KHANG SHOES","description":"","potentialAction":[{"@type":"SearchAction","target":{"@type":"EntryPoint","urlTemplate":"https:\/\/nguyenkhangshoes.com\/?s={search_term_string}"},"query-input":{"@type":"PropertyValueSpecification","valueRequired":true,"valueName":"search_term_string"}}],"inLanguage":"en-US"}]}},"jetpack_sharing_enabled":true,"_links":{"self":[{"href":"https:\/\/nguyenkhangshoes.com\/en\/wp-json\/wp\/v2\/pages\/660","targetHints":{"allow":["GET"]}}],"collection":[{"href":"https:\/\/nguyenkhangshoes.com\/en\/wp-json\/wp\/v2\/pages"}],"about":[{"href":"https:\/\/nguyenkhangshoes.com\/en\/wp-json\/wp\/v2\/types\/page"}],"author":[{"embeddable":true,"href":"https:\/\/nguyenkhangshoes.com\/en\/wp-json\/wp\/v2\/users\/1"}],"replies":[{"embeddable":true,"href":"https:\/\/nguyenkhangshoes.com\/en\/wp-json\/wp\/v2\/comments?post=660"}],"version-history":[{"count":3,"href":"https:\/\/nguyenkhangshoes.com\/en\/wp-json\/wp\/v2\/pages\/660\/revisions"}],"predecessor-version":[{"id":846,"href":"https:\/\/nguyenkhangshoes.com\/en\/wp-json\/wp\/v2\/pages\/660\/revisions\/846"}],"wp:attachment":[{"href":"https:\/\/nguyenkhangshoes.com\/en\/wp-json\/wp\/v2\/media?parent=660"}],"curies":[{"name":"wp","href":"https:\/\/api.w.org\/{rel}","templated":true}]}}