{"id":491,"date":"2023-07-23T04:12:51","date_gmt":"2023-07-23T04:12:51","guid":{"rendered":"https:\/\/nguyenkhangshoes.com\/?post_type=product&#038;p=491"},"modified":"2023-07-23T04:17:53","modified_gmt":"2023-07-23T04:17:53","slug":"giay-tay-nk23007","status":"publish","type":"product","link":"https:\/\/nguyenkhangshoes.com\/en\/product\/giay-tay-nk23007\/","title":{"rendered":"gi\u00e0y t\u00e2y NK23007"},"content":{"rendered":"","protected":false},"excerpt":{"rendered":"","protected":false},"featured_media":366,"comment_status":"closed","ping_status":"closed","template":"","meta":[],"product_brand":[],"product_cat":[29],"product_tag":[],"class_list":{"0":"post-491","1":"product","2":"type-product","3":"status-publish","4":"has-post-thumbnail","6":"product_cat-giay-tay-de-phap","8":"first","9":"instock","10":"shipping-taxable","11":"product-type-simple"},"yoast_head":"<!-- This site is optimized with the Yoast SEO plugin v26.4 - https:\/\/yoast.com\/wordpress\/plugins\/seo\/ -->\n<title>gi\u00e0y t\u00e2y NK23007 - C\u00f4ng ty Gi\u00e0y Nguy\u00ean Khang<\/title>\n<meta name=\"robots\" content=\"index, follow, max-snippet:-1, max-image-preview:large, max-video-preview:-1\" \/>\n<link rel=\"canonical\" href=\"https:\/\/nguyenkhangshoes.com\/en\/product\/giay-tay-nk23007\/\" \/>\n<meta property=\"og:locale\" content=\"en_US\" \/>\n<meta property=\"og:type\" content=\"article\" \/>\n<meta property=\"og:title\" content=\"gi\u00e0y t\u00e2y NK23007 - C\u00f4ng ty Gi\u00e0y Nguy\u00ean Khang\" \/>\n<meta property=\"og:url\" content=\"https:\/\/nguyenkhangshoes.com\/en\/product\/giay-tay-nk23007\/\" \/>\n<meta property=\"og:site_name\" content=\"C\u00f4ng ty Gi\u00e0y Nguy\u00ean Khang\" \/>\n<meta property=\"article:publisher\" content=\"https:\/\/www.facebook.com\/profile.php?id=61557901305704&amp;sk=about\" \/>\n<meta property=\"article:modified_time\" content=\"2023-07-23T04:17:53+00:00\" \/>\n<meta property=\"og:image\" content=\"https:\/\/nguyenkhangshoes.com\/wp-content\/uploads\/2023\/04\/z4136410523594_a83ab2d50e6613940556f1e8305ed13f-scaled.jpg\" \/>\n\t<meta property=\"og:image:width\" content=\"2560\" \/>\n\t<meta property=\"og:image:height\" content=\"1707\" \/>\n\t<meta property=\"og:image:type\" content=\"image\/jpeg\" \/>\n<meta name=\"twitter:card\" content=\"summary_large_image\" \/>\n<script type=\"application\/ld+json\" class=\"yoast-schema-graph\">{\"@context\":\"https:\/\/schema.org\",\"@graph\":[{\"@type\":\"WebPage\",\"@id\":\"https:\/\/nguyenkhangshoes.com\/san-pham\/giay-tay-nk23007\/\",\"url\":\"https:\/\/nguyenkhangshoes.com\/san-pham\/giay-tay-nk23007\/\",\"name\":\"gi\u00e0y t\u00e2y NK23007 - C\u00f4ng ty Gi\u00e0y Nguy\u00ean Khang\",\"isPartOf\":{\"@id\":\"https:\/\/nguyenkhangshoes.com\/#website\"},\"primaryImageOfPage\":{\"@id\":\"https:\/\/nguyenkhangshoes.com\/san-pham\/giay-tay-nk23007\/#primaryimage\"},\"image\":{\"@id\":\"https:\/\/nguyenkhangshoes.com\/san-pham\/giay-tay-nk23007\/#primaryimage\"},\"thumbnailUrl\":\"https:\/\/nguyenkhangshoes.com\/wp-content\/uploads\/2023\/04\/z4136410523594_a83ab2d50e6613940556f1e8305ed13f-scaled.jpg\",\"datePublished\":\"2023-07-23T04:12:51+00:00\",\"dateModified\":\"2023-07-23T04:17:53+00:00\",\"breadcrumb\":{\"@id\":\"https:\/\/nguyenkhangshoes.com\/san-pham\/giay-tay-nk23007\/#breadcrumb\"},\"inLanguage\":\"en-US\",\"potentialAction\":[{\"@type\":\"ReadAction\",\"target\":[\"https:\/\/nguyenkhangshoes.com\/san-pham\/giay-tay-nk23007\/\"]}]},{\"@type\":\"ImageObject\",\"inLanguage\":\"en-US\",\"@id\":\"https:\/\/nguyenkhangshoes.com\/san-pham\/giay-tay-nk23007\/#primaryimage\",\"url\":\"https:\/\/nguyenkhangshoes.com\/wp-content\/uploads\/2023\/04\/z4136410523594_a83ab2d50e6613940556f1e8305ed13f-scaled.jpg\",\"contentUrl\":\"https:\/\/nguyenkhangshoes.com\/wp-content\/uploads\/2023\/04\/z4136410523594_a83ab2d50e6613940556f1e8305ed13f-scaled.jpg\",\"width\":2560,\"height\":1707},{\"@type\":\"BreadcrumbList\",\"@id\":\"https:\/\/nguyenkhangshoes.com\/san-pham\/giay-tay-nk23007\/#breadcrumb\",\"itemListElement\":[{\"@type\":\"ListItem\",\"position\":1,\"name\":\"Home\",\"item\":\"https:\/\/nguyenkhangshoes.com\/\"},{\"@type\":\"ListItem\",\"position\":2,\"name\":\"S\u1ea3n ph\u1ea9m\",\"item\":\"https:\/\/nguyenkhangshoes.com\/index.php\/cua-hang\/\"},{\"@type\":\"ListItem\",\"position\":3,\"name\":\"gi\u00e0y t\u00e2y NK23007\"}]},{\"@type\":\"WebSite\",\"@id\":\"https:\/\/nguyenkhangshoes.com\/#website\",\"url\":\"https:\/\/nguyenkhangshoes.com\/\",\"name\":\"C\u00f4ng ty Gi\u00e0y Nguy\u00ean Khang\",\"description\":\"\",\"potentialAction\":[{\"@type\":\"SearchAction\",\"target\":{\"@type\":\"EntryPoint\",\"urlTemplate\":\"https:\/\/nguyenkhangshoes.com\/?s={search_term_string}\"},\"query-input\":{\"@type\":\"PropertyValueSpecification\",\"valueRequired\":true,\"valueName\":\"search_term_string\"}}],\"inLanguage\":\"en-US\"}]}<\/script>\n<!-- \/ Yoast SEO plugin. -->","yoast_head_json":{"title":"gi\u00e0y t\u00e2y NK23007 - C\u00f4ng ty Gi\u00e0y Nguy\u00ean Khang","robots":{"index":"index","follow":"follow","max-snippet":"max-snippet:-1","max-image-preview":"max-image-preview:large","max-video-preview":"max-video-preview:-1"},"canonical":"https:\/\/nguyenkhangshoes.com\/en\/product\/giay-tay-nk23007\/","og_locale":"en_US","og_type":"article","og_title":"gi\u00e0y t\u00e2y NK23007 - C\u00f4ng ty Gi\u00e0y Nguy\u00ean Khang","og_url":"https:\/\/nguyenkhangshoes.com\/en\/product\/giay-tay-nk23007\/","og_site_name":"C\u00f4ng ty Gi\u00e0y Nguy\u00ean Khang","article_publisher":"https:\/\/www.facebook.com\/profile.php?id=61557901305704&sk=about","article_modified_time":"2023-07-23T04:17:53+00:00","og_image":[{"width":2560,"height":1707,"url":"https:\/\/nguyenkhangshoes.com\/wp-content\/uploads\/2023\/04\/z4136410523594_a83ab2d50e6613940556f1e8305ed13f-scaled.jpg","type":"image\/jpeg"}],"twitter_card":"summary_large_image","schema":{"@context":"https:\/\/schema.org","@graph":[{"@type":"WebPage","@id":"https:\/\/nguyenkhangshoes.com\/san-pham\/giay-tay-nk23007\/","url":"https:\/\/nguyenkhangshoes.com\/san-pham\/giay-tay-nk23007\/","name":"gi\u00e0y t\u00e2y NK23007 - C\u00f4ng ty Gi\u00e0y Nguy\u00ean Khang","isPartOf":{"@id":"https:\/\/nguyenkhangshoes.com\/#website"},"primaryImageOfPage":{"@id":"https:\/\/nguyenkhangshoes.com\/san-pham\/giay-tay-nk23007\/#primaryimage"},"image":{"@id":"https:\/\/nguyenkhangshoes.com\/san-pham\/giay-tay-nk23007\/#primaryimage"},"thumbnailUrl":"https:\/\/nguyenkhangshoes.com\/wp-content\/uploads\/2023\/04\/z4136410523594_a83ab2d50e6613940556f1e8305ed13f-scaled.jpg","datePublished":"2023-07-23T04:12:51+00:00","dateModified":"2023-07-23T04:17:53+00:00","breadcrumb":{"@id":"https:\/\/nguyenkhangshoes.com\/san-pham\/giay-tay-nk23007\/#breadcrumb"},"inLanguage":"en-US","potentialAction":[{"@type":"ReadAction","target":["https:\/\/nguyenkhangshoes.com\/san-pham\/giay-tay-nk23007\/"]}]},{"@type":"ImageObject","inLanguage":"en-US","@id":"https:\/\/nguyenkhangshoes.com\/san-pham\/giay-tay-nk23007\/#primaryimage","url":"https:\/\/nguyenkhangshoes.com\/wp-content\/uploads\/2023\/04\/z4136410523594_a83ab2d50e6613940556f1e8305ed13f-scaled.jpg","contentUrl":"https:\/\/nguyenkhangshoes.com\/wp-content\/uploads\/2023\/04\/z4136410523594_a83ab2d50e6613940556f1e8305ed13f-scaled.jpg","width":2560,"height":1707},{"@type":"BreadcrumbList","@id":"https:\/\/nguyenkhangshoes.com\/san-pham\/giay-tay-nk23007\/#breadcrumb","itemListElement":[{"@type":"ListItem","position":1,"name":"Home","item":"https:\/\/nguyenkhangshoes.com\/"},{"@type":"ListItem","position":2,"name":"S\u1ea3n ph\u1ea9m","item":"https:\/\/nguyenkhangshoes.com\/index.php\/cua-hang\/"},{"@type":"ListItem","position":3,"name":"gi\u00e0y t\u00e2y NK23007"}]},{"@type":"WebSite","@id":"https:\/\/nguyenkhangshoes.com\/#website","url":"https:\/\/nguyenkhangshoes.com\/","name":"NGUYEN KHANG SHOES","description":"","potentialAction":[{"@type":"SearchAction","target":{"@type":"EntryPoint","urlTemplate":"https:\/\/nguyenkhangshoes.com\/?s={search_term_string}"},"query-input":{"@type":"PropertyValueSpecification","valueRequired":true,"valueName":"search_term_string"}}],"inLanguage":"en-US"}]}},"jetpack_sharing_enabled":true,"_links":{"self":[{"href":"https:\/\/nguyenkhangshoes.com\/en\/wp-json\/wp\/v2\/product\/491","targetHints":{"allow":["GET"]}}],"collection":[{"href":"https:\/\/nguyenkhangshoes.com\/en\/wp-json\/wp\/v2\/product"}],"about":[{"href":"https:\/\/nguyenkhangshoes.com\/en\/wp-json\/wp\/v2\/types\/product"}],"replies":[{"embeddable":true,"href":"https:\/\/nguyenkhangshoes.com\/en\/wp-json\/wp\/v2\/comments?post=491"}],"wp:featuredmedia":[{"embeddable":true,"href":"https:\/\/nguyenkhangshoes.com\/en\/wp-json\/wp\/v2\/media\/366"}],"wp:attachment":[{"href":"https:\/\/nguyenkhangshoes.com\/en\/wp-json\/wp\/v2\/media?parent=491"}],"wp:term":[{"taxonomy":"product_brand","embeddable":true,"href":"https:\/\/nguyenkhangshoes.com\/en\/wp-json\/wp\/v2\/product_brand?post=491"},{"taxonomy":"product_cat","embeddable":true,"href":"https:\/\/nguyenkhangshoes.com\/en\/wp-json\/wp\/v2\/product_cat?post=491"},{"taxonomy":"product_tag","embeddable":true,"href":"https:\/\/nguyenkhangshoes.com\/en\/wp-json\/wp\/v2\/product_tag?post=491"}],"curies":[{"name":"wp","href":"https:\/\/api.w.org\/{rel}","templated":true}]}}