{"id":494,"date":"2023-07-23T04:12:52","date_gmt":"2023-07-23T04:12:52","guid":{"rendered":"https:\/\/nguyenkhangshoes.com\/?post_type=product&#038;p=494"},"modified":"2023-07-23T04:17:52","modified_gmt":"2023-07-23T04:17:52","slug":"giay-tay-nk23010","status":"publish","type":"product","link":"https:\/\/nguyenkhangshoes.com\/en\/product\/giay-tay-nk23010\/","title":{"rendered":"gi\u00e0y t\u00e2y NK23010"},"content":{"rendered":"","protected":false},"excerpt":{"rendered":"","protected":false},"featured_media":361,"comment_status":"closed","ping_status":"closed","template":"","meta":[],"product_brand":[],"product_cat":[29],"product_tag":[],"class_list":{"0":"post-494","1":"product","2":"type-product","3":"status-publish","4":"has-post-thumbnail","6":"product_cat-giay-tay-de-phap","8":"first","9":"instock","10":"shipping-taxable","11":"product-type-simple"},"yoast_head":"<!-- This site is optimized with the Yoast SEO plugin v26.4 - https:\/\/yoast.com\/wordpress\/plugins\/seo\/ -->\n<title>gi\u00e0y t\u00e2y NK23010 - C\u00f4ng ty Gi\u00e0y Nguy\u00ean Khang<\/title>\n<meta name=\"robots\" content=\"index, follow, max-snippet:-1, max-image-preview:large, max-video-preview:-1\" \/>\n<link rel=\"canonical\" href=\"https:\/\/nguyenkhangshoes.com\/en\/product\/giay-tay-nk23010\/\" \/>\n<meta property=\"og:locale\" content=\"en_US\" \/>\n<meta property=\"og:type\" content=\"article\" \/>\n<meta property=\"og:title\" content=\"gi\u00e0y t\u00e2y NK23010 - C\u00f4ng ty Gi\u00e0y Nguy\u00ean Khang\" \/>\n<meta property=\"og:url\" content=\"https:\/\/nguyenkhangshoes.com\/en\/product\/giay-tay-nk23010\/\" \/>\n<meta property=\"og:site_name\" content=\"C\u00f4ng ty Gi\u00e0y Nguy\u00ean Khang\" \/>\n<meta property=\"article:publisher\" content=\"https:\/\/www.facebook.com\/profile.php?id=61557901305704&amp;sk=about\" \/>\n<meta property=\"article:modified_time\" content=\"2023-07-23T04:17:52+00:00\" \/>\n<meta property=\"og:image\" content=\"https:\/\/nguyenkhangshoes.com\/wp-content\/uploads\/2023\/04\/z4136410503554_44c008aefea986d2b55440f08839cb91-scaled.jpg\" \/>\n\t<meta property=\"og:image:width\" content=\"1707\" \/>\n\t<meta property=\"og:image:height\" content=\"2560\" \/>\n\t<meta property=\"og:image:type\" content=\"image\/jpeg\" \/>\n<meta name=\"twitter:card\" content=\"summary_large_image\" \/>\n<script type=\"application\/ld+json\" class=\"yoast-schema-graph\">{\"@context\":\"https:\/\/schema.org\",\"@graph\":[{\"@type\":\"WebPage\",\"@id\":\"https:\/\/nguyenkhangshoes.com\/san-pham\/giay-tay-nk23010\/\",\"url\":\"https:\/\/nguyenkhangshoes.com\/san-pham\/giay-tay-nk23010\/\",\"name\":\"gi\u00e0y t\u00e2y NK23010 - C\u00f4ng ty Gi\u00e0y Nguy\u00ean Khang\",\"isPartOf\":{\"@id\":\"https:\/\/nguyenkhangshoes.com\/#website\"},\"primaryImageOfPage\":{\"@id\":\"https:\/\/nguyenkhangshoes.com\/san-pham\/giay-tay-nk23010\/#primaryimage\"},\"image\":{\"@id\":\"https:\/\/nguyenkhangshoes.com\/san-pham\/giay-tay-nk23010\/#primaryimage\"},\"thumbnailUrl\":\"https:\/\/nguyenkhangshoes.com\/wp-content\/uploads\/2023\/04\/z4136410503554_44c008aefea986d2b55440f08839cb91-scaled.jpg\",\"datePublished\":\"2023-07-23T04:12:52+00:00\",\"dateModified\":\"2023-07-23T04:17:52+00:00\",\"breadcrumb\":{\"@id\":\"https:\/\/nguyenkhangshoes.com\/san-pham\/giay-tay-nk23010\/#breadcrumb\"},\"inLanguage\":\"en-US\",\"potentialAction\":[{\"@type\":\"ReadAction\",\"target\":[\"https:\/\/nguyenkhangshoes.com\/san-pham\/giay-tay-nk23010\/\"]}]},{\"@type\":\"ImageObject\",\"inLanguage\":\"en-US\",\"@id\":\"https:\/\/nguyenkhangshoes.com\/san-pham\/giay-tay-nk23010\/#primaryimage\",\"url\":\"https:\/\/nguyenkhangshoes.com\/wp-content\/uploads\/2023\/04\/z4136410503554_44c008aefea986d2b55440f08839cb91-scaled.jpg\",\"contentUrl\":\"https:\/\/nguyenkhangshoes.com\/wp-content\/uploads\/2023\/04\/z4136410503554_44c008aefea986d2b55440f08839cb91-scaled.jpg\",\"width\":1707,\"height\":2560},{\"@type\":\"BreadcrumbList\",\"@id\":\"https:\/\/nguyenkhangshoes.com\/san-pham\/giay-tay-nk23010\/#breadcrumb\",\"itemListElement\":[{\"@type\":\"ListItem\",\"position\":1,\"name\":\"Home\",\"item\":\"https:\/\/nguyenkhangshoes.com\/\"},{\"@type\":\"ListItem\",\"position\":2,\"name\":\"S\u1ea3n ph\u1ea9m\",\"item\":\"https:\/\/nguyenkhangshoes.com\/index.php\/cua-hang\/\"},{\"@type\":\"ListItem\",\"position\":3,\"name\":\"gi\u00e0y t\u00e2y NK23010\"}]},{\"@type\":\"WebSite\",\"@id\":\"https:\/\/nguyenkhangshoes.com\/#website\",\"url\":\"https:\/\/nguyenkhangshoes.com\/\",\"name\":\"C\u00f4ng ty Gi\u00e0y Nguy\u00ean Khang\",\"description\":\"\",\"potentialAction\":[{\"@type\":\"SearchAction\",\"target\":{\"@type\":\"EntryPoint\",\"urlTemplate\":\"https:\/\/nguyenkhangshoes.com\/?s={search_term_string}\"},\"query-input\":{\"@type\":\"PropertyValueSpecification\",\"valueRequired\":true,\"valueName\":\"search_term_string\"}}],\"inLanguage\":\"en-US\"}]}<\/script>\n<!-- \/ Yoast SEO plugin. -->","yoast_head_json":{"title":"gi\u00e0y t\u00e2y NK23010 - C\u00f4ng ty Gi\u00e0y Nguy\u00ean Khang","robots":{"index":"index","follow":"follow","max-snippet":"max-snippet:-1","max-image-preview":"max-image-preview:large","max-video-preview":"max-video-preview:-1"},"canonical":"https:\/\/nguyenkhangshoes.com\/en\/product\/giay-tay-nk23010\/","og_locale":"en_US","og_type":"article","og_title":"gi\u00e0y t\u00e2y NK23010 - C\u00f4ng ty Gi\u00e0y Nguy\u00ean Khang","og_url":"https:\/\/nguyenkhangshoes.com\/en\/product\/giay-tay-nk23010\/","og_site_name":"C\u00f4ng ty Gi\u00e0y Nguy\u00ean Khang","article_publisher":"https:\/\/www.facebook.com\/profile.php?id=61557901305704&sk=about","article_modified_time":"2023-07-23T04:17:52+00:00","og_image":[{"width":1707,"height":2560,"url":"https:\/\/nguyenkhangshoes.com\/wp-content\/uploads\/2023\/04\/z4136410503554_44c008aefea986d2b55440f08839cb91-scaled.jpg","type":"image\/jpeg"}],"twitter_card":"summary_large_image","schema":{"@context":"https:\/\/schema.org","@graph":[{"@type":"WebPage","@id":"https:\/\/nguyenkhangshoes.com\/san-pham\/giay-tay-nk23010\/","url":"https:\/\/nguyenkhangshoes.com\/san-pham\/giay-tay-nk23010\/","name":"gi\u00e0y t\u00e2y NK23010 - C\u00f4ng ty Gi\u00e0y Nguy\u00ean Khang","isPartOf":{"@id":"https:\/\/nguyenkhangshoes.com\/#website"},"primaryImageOfPage":{"@id":"https:\/\/nguyenkhangshoes.com\/san-pham\/giay-tay-nk23010\/#primaryimage"},"image":{"@id":"https:\/\/nguyenkhangshoes.com\/san-pham\/giay-tay-nk23010\/#primaryimage"},"thumbnailUrl":"https:\/\/nguyenkhangshoes.com\/wp-content\/uploads\/2023\/04\/z4136410503554_44c008aefea986d2b55440f08839cb91-scaled.jpg","datePublished":"2023-07-23T04:12:52+00:00","dateModified":"2023-07-23T04:17:52+00:00","breadcrumb":{"@id":"https:\/\/nguyenkhangshoes.com\/san-pham\/giay-tay-nk23010\/#breadcrumb"},"inLanguage":"en-US","potentialAction":[{"@type":"ReadAction","target":["https:\/\/nguyenkhangshoes.com\/san-pham\/giay-tay-nk23010\/"]}]},{"@type":"ImageObject","inLanguage":"en-US","@id":"https:\/\/nguyenkhangshoes.com\/san-pham\/giay-tay-nk23010\/#primaryimage","url":"https:\/\/nguyenkhangshoes.com\/wp-content\/uploads\/2023\/04\/z4136410503554_44c008aefea986d2b55440f08839cb91-scaled.jpg","contentUrl":"https:\/\/nguyenkhangshoes.com\/wp-content\/uploads\/2023\/04\/z4136410503554_44c008aefea986d2b55440f08839cb91-scaled.jpg","width":1707,"height":2560},{"@type":"BreadcrumbList","@id":"https:\/\/nguyenkhangshoes.com\/san-pham\/giay-tay-nk23010\/#breadcrumb","itemListElement":[{"@type":"ListItem","position":1,"name":"Home","item":"https:\/\/nguyenkhangshoes.com\/"},{"@type":"ListItem","position":2,"name":"S\u1ea3n ph\u1ea9m","item":"https:\/\/nguyenkhangshoes.com\/index.php\/cua-hang\/"},{"@type":"ListItem","position":3,"name":"gi\u00e0y t\u00e2y NK23010"}]},{"@type":"WebSite","@id":"https:\/\/nguyenkhangshoes.com\/#website","url":"https:\/\/nguyenkhangshoes.com\/","name":"NGUYEN KHANG SHOES","description":"","potentialAction":[{"@type":"SearchAction","target":{"@type":"EntryPoint","urlTemplate":"https:\/\/nguyenkhangshoes.com\/?s={search_term_string}"},"query-input":{"@type":"PropertyValueSpecification","valueRequired":true,"valueName":"search_term_string"}}],"inLanguage":"en-US"}]}},"jetpack_sharing_enabled":true,"_links":{"self":[{"href":"https:\/\/nguyenkhangshoes.com\/en\/wp-json\/wp\/v2\/product\/494","targetHints":{"allow":["GET"]}}],"collection":[{"href":"https:\/\/nguyenkhangshoes.com\/en\/wp-json\/wp\/v2\/product"}],"about":[{"href":"https:\/\/nguyenkhangshoes.com\/en\/wp-json\/wp\/v2\/types\/product"}],"replies":[{"embeddable":true,"href":"https:\/\/nguyenkhangshoes.com\/en\/wp-json\/wp\/v2\/comments?post=494"}],"wp:featuredmedia":[{"embeddable":true,"href":"https:\/\/nguyenkhangshoes.com\/en\/wp-json\/wp\/v2\/media\/361"}],"wp:attachment":[{"href":"https:\/\/nguyenkhangshoes.com\/en\/wp-json\/wp\/v2\/media?parent=494"}],"wp:term":[{"taxonomy":"product_brand","embeddable":true,"href":"https:\/\/nguyenkhangshoes.com\/en\/wp-json\/wp\/v2\/product_brand?post=494"},{"taxonomy":"product_cat","embeddable":true,"href":"https:\/\/nguyenkhangshoes.com\/en\/wp-json\/wp\/v2\/product_cat?post=494"},{"taxonomy":"product_tag","embeddable":true,"href":"https:\/\/nguyenkhangshoes.com\/en\/wp-json\/wp\/v2\/product_tag?post=494"}],"curies":[{"name":"wp","href":"https:\/\/api.w.org\/{rel}","templated":true}]}}